{"id":5101,"date":"2022-09-12T13:35:51","date_gmt":"2022-09-12T13:35:51","guid":{"rendered":"https:\/\/www.lindeswhitewolves.com\/product\/orijen-puppy-large-breed\/"},"modified":"2022-09-12T14:33:49","modified_gmt":"2022-09-12T14:33:49","slug":"orijen-puppy-large-breed","status":"publish","type":"product","link":"https:\/\/www.lindeswhitewolves.com\/fr\/produit\/orijen-puppy-large-breed\/","title":{"rendered":"Orijen: Puppy Large Breed"},"content":{"rendered":"<p>ORIJEN Puppy Large Breed est sp\u00e9cialement con\u00e7u pour votre chiot de grande race. Il est pr\u00e9par\u00e9 avec des prot\u00e9ines animales naturelles provenant de poulets et de dindes \u00e9lev\u00e9s en plein air, de poissons sauvages et d&#8217;\u0153ufs \u00e9lev\u00e9s en plein air. Les ingr\u00e9dients sont livr\u00e9s frais tous les jours et transform\u00e9s dans des proportions nutritives WholePrey\u2122. L&#8217;aliment est limit\u00e9 en glucides et en valeur glyc\u00e9mique favorisant le d\u00e9veloppement de tous les chiots, y compris le v\u00f4tre.<\/p>\n","protected":false},"excerpt":{"rendered":"<p>ORIJEN Puppy Large Breed est sp\u00e9cialement con\u00e7u pour votre chiot de grande race. Il est pr\u00e9par\u00e9 avec des prot\u00e9ines animales naturelles provenant de poulets et de dindes \u00e9lev\u00e9s en plein air, de poissons sauvages et d&#8217;\u0153ufs \u00e9lev\u00e9s en plein air. Les ingr\u00e9dients sont livr\u00e9s frais tous les jours et transform\u00e9s dans des proportions nutritives WholePrey\u2122. L&#8217;aliment est limit\u00e9 en glucides et en valeur glyc\u00e9mique favorisant le d\u00e9veloppement de tous les chiots, y compris le v\u00f4tre.<\/p>\n","protected":false},"featured_media":5071,"comment_status":"open","ping_status":"closed","template":"","meta":{"om_disable_all_campaigns":false,"_monsterinsights_skip_tracking":false,"_monsterinsights_sitenote_active":false,"_monsterinsights_sitenote_note":"","_monsterinsights_sitenote_category":0},"product_brand":[],"product_cat":[61,60],"product_tag":[],"class_list":{"0":"post-5101","1":"product","2":"type-product","3":"status-publish","4":"has-post-thumbnail","6":"product_cat-aliments-secs","7":"product_cat-nourriture-pour-chien","9":"first","10":"instock","11":"taxable","12":"shipping-taxable","13":"purchasable","14":"product-type-variable"},"_links":{"self":[{"href":"https:\/\/www.lindeswhitewolves.com\/fr\/wp-json\/wp\/v2\/product\/5101","targetHints":{"allow":["GET"]}}],"collection":[{"href":"https:\/\/www.lindeswhitewolves.com\/fr\/wp-json\/wp\/v2\/product"}],"about":[{"href":"https:\/\/www.lindeswhitewolves.com\/fr\/wp-json\/wp\/v2\/types\/product"}],"replies":[{"embeddable":true,"href":"https:\/\/www.lindeswhitewolves.com\/fr\/wp-json\/wp\/v2\/comments?post=5101"}],"wp:featuredmedia":[{"embeddable":true,"href":"https:\/\/www.lindeswhitewolves.com\/fr\/wp-json\/wp\/v2\/media\/5071"}],"wp:attachment":[{"href":"https:\/\/www.lindeswhitewolves.com\/fr\/wp-json\/wp\/v2\/media?parent=5101"}],"wp:term":[{"taxonomy":"product_brand","embeddable":true,"href":"https:\/\/www.lindeswhitewolves.com\/fr\/wp-json\/wp\/v2\/product_brand?post=5101"},{"taxonomy":"product_cat","embeddable":true,"href":"https:\/\/www.lindeswhitewolves.com\/fr\/wp-json\/wp\/v2\/product_cat?post=5101"},{"taxonomy":"product_tag","embeddable":true,"href":"https:\/\/www.lindeswhitewolves.com\/fr\/wp-json\/wp\/v2\/product_tag?post=5101"}],"curies":[{"name":"wp","href":"https:\/\/api.w.org\/{rel}","templated":true}]}}